{"id":1190,"date":"2024-06-12T07:47:56","date_gmt":"2024-06-12T07:47:56","guid":{"rendered":"http:\/\/217.61.61.21\/index.php\/chi-siamo\/"},"modified":"2024-12-03T10:41:28","modified_gmt":"2024-12-03T09:41:28","slug":"chi-siamo","status":"publish","type":"page","link":"https:\/\/www.centromedicoboccaccio.com\/index.php\/chi-siamo\/","title":{"rendered":"Chi Siamo"},"content":{"rendered":"\t\t<div data-elementor-type=\"wp-page\" data-elementor-id=\"1190\" class=\"elementor elementor-1190\">\n\t\t\t\t\t\t<section class=\"elementor-section elementor-top-section elementor-element elementor-element-6c8ee8fd elementor-section-full_width elementor-reverse-tablet elementor-reverse-mobile elementor-section-height-default elementor-section-height-default\" data-id=\"6c8ee8fd\" data-element_type=\"section\" data-e-type=\"section\" data-settings=\"{&quot;background_background&quot;:&quot;classic&quot;}\">\n\t\t\t\t\t\t<div class=\"elementor-container elementor-column-gap-no\">\n\t\t\t\t\t<div class=\"elementor-column elementor-col-100 elementor-top-column elementor-element elementor-element-5d701795\" data-id=\"5d701795\" data-element_type=\"column\" data-e-type=\"column\">\n\t\t\t<div class=\"elementor-widget-wrap elementor-element-populated\">\n\t\t\t\t\t\t<section class=\"elementor-section elementor-inner-section elementor-element elementor-element-61ec32a7 elementor-section-full_width elementor-section-content-middle elementor-section-height-default elementor-section-height-default\" data-id=\"61ec32a7\" data-element_type=\"section\" data-e-type=\"section\">\n\t\t\t\t\t\t<div class=\"elementor-container elementor-column-gap-default\">\n\t\t\t\t\t<div class=\"elementor-column elementor-col-50 elementor-inner-column elementor-element elementor-element-5ec5206e\" data-id=\"5ec5206e\" data-element_type=\"column\" data-e-type=\"column\" data-settings=\"{&quot;background_background&quot;:&quot;classic&quot;}\">\n\t\t\t<div class=\"elementor-widget-wrap elementor-element-populated\">\n\t\t\t\t\t\t<div class=\"elementor-element elementor-element-51a37c2 elementor-widget elementor-widget-spacer\" data-id=\"51a37c2\" data-element_type=\"widget\" data-e-type=\"widget\" data-widget_type=\"spacer.default\">\n\t\t\t\t<div class=\"elementor-widget-container\">\n\t\t\t\t\t\t\t<div class=\"elementor-spacer\">\n\t\t\t<div class=\"elementor-spacer-inner\"><\/div>\n\t\t<\/div>\n\t\t\t\t\t\t<\/div>\n\t\t\t\t<\/div>\n\t\t\t\t\t<\/div>\n\t\t<\/div>\n\t\t\t\t<div class=\"elementor-column elementor-col-50 elementor-inner-column elementor-element elementor-element-7fda8b3e\" data-id=\"7fda8b3e\" data-element_type=\"column\" data-e-type=\"column\">\n\t\t\t<div class=\"elementor-widget-wrap elementor-element-populated\">\n\t\t\t\t\t\t<div class=\"elementor-element elementor-element-3b97f317 animated-slow elementor-invisible elementor-widget elementor-widget-heading\" data-id=\"3b97f317\" data-element_type=\"widget\" data-e-type=\"widget\" data-settings=\"{&quot;_animation&quot;:&quot;fadeIn&quot;}\" data-widget_type=\"heading.default\">\n\t\t\t\t<div class=\"elementor-widget-container\">\n\t\t\t\t\t<h2 class=\"elementor-heading-title elementor-size-default\">Chi Siamo<\/h2>\t\t\t\t<\/div>\n\t\t\t\t<\/div>\n\t\t\t\t<div class=\"elementor-element elementor-element-67fe6513 elementor-widget elementor-widget-text-editor\" data-id=\"67fe6513\" data-element_type=\"widget\" data-e-type=\"widget\" data-widget_type=\"text-editor.default\">\n\t\t\t\t<div class=\"elementor-widget-container\">\n\t\t\t\t\t\t\t\t\t<p><span style=\"font-weight: 400;\">Situato nel cuore pulsante di Milano, il Centro Medico Boccaccio \u00e8 un centro polispecialistico che offre un&#8217;ampia gamma di servizi medici e tecnologie all\u2019avanguardia per le esigenze di salute e benessere di tutta la famiglia. Ginecologia e ostetricia sono i nostri punti di forza, con un approccio olistico e personalizzato per ogni fase della vita della donna.&nbsp;<\/span><\/p><p><span style=\"font-weight: 400;\">In un ambiente accogliente e confortevole, nel Centro Medico Boccaccio trovi medici altamente specializzati e strumentazioni diagnostiche e terapeutiche di ultima generazione per garantire diagnosi precise e trattamenti efficaci.<\/span><\/p>\t\t\t\t\t\t\t\t<\/div>\n\t\t\t\t<\/div>\n\t\t\t\t\t<\/div>\n\t\t<\/div>\n\t\t\t\t\t<\/div>\n\t\t<\/section>\n\t\t\t\t\t<\/div>\n\t\t<\/div>\n\t\t\t\t\t<\/div>\n\t\t<\/section>\n\t\t\t\t<section class=\"elementor-section elementor-top-section elementor-element elementor-element-6aeffa18 elementor-section-boxed elementor-section-height-default elementor-section-height-default\" data-id=\"6aeffa18\" data-element_type=\"section\" data-e-type=\"section\" data-settings=\"{&quot;background_background&quot;:&quot;classic&quot;}\">\n\t\t\t\t\t\t<div class=\"elementor-container elementor-column-gap-default\">\n\t\t\t\t\t<div class=\"elementor-column elementor-col-100 elementor-top-column elementor-element elementor-element-7c54799\" data-id=\"7c54799\" data-element_type=\"column\" data-e-type=\"column\">\n\t\t\t<div class=\"elementor-widget-wrap elementor-element-populated\">\n\t\t\t\t\t\t<div class=\"elementor-element elementor-element-7b0f9c5 animated-slow elementor-invisible elementor-widget elementor-widget-heading\" data-id=\"7b0f9c5\" data-element_type=\"widget\" data-e-type=\"widget\" data-settings=\"{&quot;_animation&quot;:&quot;fadeIn&quot;}\" data-widget_type=\"heading.default\">\n\t\t\t\t<div class=\"elementor-widget-container\">\n\t\t\t\t\t<h2 class=\"elementor-heading-title elementor-size-default\">I nostri servizi<\/h2>\t\t\t\t<\/div>\n\t\t\t\t<\/div>\n\t\t\t\t<div class=\"elementor-element elementor-element-4f8768a0 elementor-widget elementor-widget-text-editor\" data-id=\"4f8768a0\" data-element_type=\"widget\" data-e-type=\"widget\" data-widget_type=\"text-editor.default\">\n\t\t\t\t<div class=\"elementor-widget-container\">\n\t\t\t\t\t\t\t\t\t<p><span style=\"font-weight: 400;\">L\u2019\u00e9quipe polispecialistica del Centro Medico Boccaccio offre servizi medici altamente qualificati per la diagnosi e cura, avvalendosi di apparecchiature ecografiche di nuova generazione (ecografi di secondo livello) per la diagnostica, e laser all\u2019avanguardia per la laserterapia e per la piccola chirurgia dermatologica e rigenerativa della cute e delle zone intime femminili.\u00a0L\u2019approccio multidisciplinare, cio\u00e8 il continuo confronto e interscambio di conoscenze e competenze tra i medici dell\u2019\u00e9quipe del Centro Medico Boccaccio, favorisce la possibilit\u00e0 di un percorso personalizzato alla diagnosi e terapia, senza per questo dover ricorrere a un vero e proprio consulto con altri specialisti.<\/span><\/p>\t\t\t\t\t\t\t\t<\/div>\n\t\t\t\t<\/div>\n\t\t\t\t<div class=\"elementor-element elementor-element-271521e2 animated-slow elementor-align-left elementor-invisible elementor-widget elementor-widget-button\" data-id=\"271521e2\" data-element_type=\"widget\" data-e-type=\"widget\" data-settings=\"{&quot;_animation&quot;:&quot;fadeIn&quot;,&quot;_animation_delay&quot;:500}\" data-widget_type=\"button.default\">\n\t\t\t\t<div class=\"elementor-widget-container\">\n\t\t\t\t\t\t\t\t\t<div class=\"elementor-button-wrapper\">\n\t\t\t\t\t<a class=\"elementor-button elementor-button-link elementor-size-md elementor-animation-shrink\" href=\"https:\/\/www.centromedicoboccaccio.com\/index.php\/le-visite-specialistiche\/\">\n\t\t\t\t\t\t<span class=\"elementor-button-content-wrapper\">\n\t\t\t\t\t\t\t\t\t<span class=\"elementor-button-text\">Scopri tutti i nostri servizi<\/span>\n\t\t\t\t\t<\/span>\n\t\t\t\t\t<\/a>\n\t\t\t\t<\/div>\n\t\t\t\t\t\t\t\t<\/div>\n\t\t\t\t<\/div>\n\t\t\t\t\t<\/div>\n\t\t<\/div>\n\t\t\t\t\t<\/div>\n\t\t<\/section>\n\t\t\t\t<section class=\"elementor-section elementor-top-section elementor-element elementor-element-dda0211 elementor-section-boxed elementor-section-height-default elementor-section-height-default\" data-id=\"dda0211\" data-element_type=\"section\" data-e-type=\"section\" data-settings=\"{&quot;background_background&quot;:&quot;classic&quot;}\">\n\t\t\t\t\t\t<div class=\"elementor-container elementor-column-gap-no\">\n\t\t\t\t\t<div class=\"elementor-column elementor-col-100 elementor-top-column elementor-element elementor-element-449238c1\" data-id=\"449238c1\" data-element_type=\"column\" data-e-type=\"column\">\n\t\t\t<div class=\"elementor-widget-wrap elementor-element-populated\">\n\t\t\t\t\t\t<div class=\"elementor-element elementor-element-4ebdb9ef elementor-widget elementor-widget-text-editor\" data-id=\"4ebdb9ef\" data-element_type=\"widget\" data-e-type=\"widget\" data-widget_type=\"text-editor.default\">\n\t\t\t\t<div class=\"elementor-widget-container\">\n\t\t\t\t\t\t\t\t\t<p><strong>MonnaLisa Touch\u2122:<\/strong> una soluzione rivoluzionaria per il benessere intimo!<\/p><p>La medicina rigenerativa dei tessuti vulvovaginali, nel Centro Medico Boccaccio prevede un trattamento innovativo e sofisticato, chiamato\u00a0<a href=\"https:\/\/emea01.safelinks.protection.outlook.com\/?url=http%3A%2F%2Fwww.monnalisatouch.it%2Farea-pazienti%2F&amp;data=05%7C02%7C%7C723b58637a424327e49308dcabc11b72%7C84df9e7fe9f640afb435aaaaaaaaaaaa%7C1%7C0%7C638574093091145242%7CUnknown%7CTWFpbGZsb3d8eyJWIjoiMC4wLjAwMDAiLCJQIjoiV2luMzIiLCJBTiI6Ik1haWwiLCJXVCI6Mn0%3D%7C0%7C%7C%7C&amp;sdata=9FeCkWnIMemSFK5TYqgZBUvdhA%2BEFgpHoXi7t4pnung%3D&amp;reserved=0\">MonnaLisa Touch\u2122<\/a>, per tutti quei disturbi femminili causati dalla perdita di tono e lubrificazione vulvovaginale.<\/p><p>MonnaLisa Touch\u2122 \u00e8 un trattamento laser di ultima generazione, <strong>minimamente invasivo e indolore<\/strong>, che stimola la naturale produzione di collagene e ripristina la funzionalit\u00e0 dei tessuti vulvovaginali.<\/p><p><strong>Quali benefici puoi ottenere?<\/strong><\/p><ul><li>Alleviamento della secchezza vaginale<\/li><li>Miglioramento dell&#8217;elasticit\u00e0 e del tono vaginale<\/li><li>Riduzione del dolore durante i rapporti sessuali<\/li><li>Aumento della libido<\/li><li>Miglioramento della minzione<\/li><li>Maggiore comfort e sicurezza nella vita quotidiana<\/li><\/ul><p><strong>Vuoi saperne di pi\u00f9 su MonnaLisa Touch? <a href=\"https:\/\/www.centromedicoboccaccio.com\/index.php\/monnalisa-touch\/\">Clicca qui<\/a><\/strong><\/p>\t\t\t\t\t\t\t\t<\/div>\n\t\t\t\t<\/div>\n\t\t\t\t\t<\/div>\n\t\t<\/div>\n\t\t\t\t\t<\/div>\n\t\t<\/section>\n\t\t<div class=\"elementor-element elementor-element-29958cdb e-con-full e-flex e-con e-parent\" data-id=\"29958cdb\" data-element_type=\"container\" data-e-type=\"container\">\n\t\t\t\t<div class=\"elementor-element elementor-element-210ea15a elementor-widget elementor-widget-image-gallery\" data-id=\"210ea15a\" data-element_type=\"widget\" data-e-type=\"widget\" data-widget_type=\"image-gallery.default\">\n\t\t\t\t<div class=\"elementor-widget-container\">\n\t\t\t\t\t\t\t<div class=\"elementor-image-gallery\">\n\t\t\t<div id='gallery-1' class='gallery galleryid-1190 gallery-columns-3 gallery-size-full'><figure class='gallery-item'>\n\t\t\t<div class='gallery-icon landscape'>\n\t\t\t\t<a data-elementor-open-lightbox=\"yes\" data-elementor-lightbox-slideshow=\"210ea15a\" data-elementor-lightbox-title=\"CMB-001.jpg\" data-e-action-hash=\"#elementor-action%3Aaction%3Dlightbox%26settings%3DeyJpZCI6MjI1MCwidXJsIjoiaHR0cHM6XC9cL3d3dy5jZW50cm9tZWRpY29ib2NjYWNjaW8uY29tXC93cC1jb250ZW50XC91cGxvYWRzXC8yMDI0XC8xMVwvQ01CLTAwMS5qcGciLCJzbGlkZXNob3ciOiIyMTBlYTE1YSJ9\" href='https:\/\/www.centromedicoboccaccio.com\/wp-content\/uploads\/2024\/11\/CMB-001.jpg'><img fetchpriority=\"high\" decoding=\"async\" width=\"1556\" height=\"1079\" src=\"https:\/\/www.centromedicoboccaccio.com\/wp-content\/uploads\/2024\/11\/CMB-001.jpg\" class=\"attachment-full size-full\" alt=\"\" \/><\/a>\n\t\t\t<\/div><\/figure><figure class='gallery-item'>\n\t\t\t<div class='gallery-icon landscape'>\n\t\t\t\t<a data-elementor-open-lightbox=\"yes\" data-elementor-lightbox-slideshow=\"210ea15a\" data-elementor-lightbox-title=\"CMB-002.jpg\" data-e-action-hash=\"#elementor-action%3Aaction%3Dlightbox%26settings%3DeyJpZCI6MjI1MSwidXJsIjoiaHR0cHM6XC9cL3d3dy5jZW50cm9tZWRpY29ib2NjYWNjaW8uY29tXC93cC1jb250ZW50XC91cGxvYWRzXC8yMDI0XC8xMVwvQ01CLTAwMi5qcGciLCJzbGlkZXNob3ciOiIyMTBlYTE1YSJ9\" href='https:\/\/www.centromedicoboccaccio.com\/wp-content\/uploads\/2024\/11\/CMB-002.jpg'><img decoding=\"async\" width=\"1556\" height=\"1079\" src=\"https:\/\/www.centromedicoboccaccio.com\/wp-content\/uploads\/2024\/11\/CMB-002.jpg\" class=\"attachment-full size-full\" alt=\"\" \/><\/a>\n\t\t\t<\/div><\/figure><figure class='gallery-item'>\n\t\t\t<div class='gallery-icon landscape'>\n\t\t\t\t<a data-elementor-open-lightbox=\"yes\" data-elementor-lightbox-slideshow=\"210ea15a\" data-elementor-lightbox-title=\"CMB-24-2.jpg\" data-e-action-hash=\"#elementor-action%3Aaction%3Dlightbox%26settings%3DeyJpZCI6MjE3MiwidXJsIjoiaHR0cHM6XC9cL3d3dy5jZW50cm9tZWRpY29ib2NjYWNjaW8uY29tXC93cC1jb250ZW50XC91cGxvYWRzXC8yMDI0XC8xMVwvQ01CLTI0LTIuanBnIiwic2xpZGVzaG93IjoiMjEwZWExNWEifQ%3D%3D\" href='https:\/\/www.centromedicoboccaccio.com\/wp-content\/uploads\/2024\/11\/CMB-24-2.jpg'><img decoding=\"async\" width=\"1556\" height=\"1079\" src=\"https:\/\/www.centromedicoboccaccio.com\/wp-content\/uploads\/2024\/11\/CMB-24-2.jpg\" class=\"attachment-full size-full\" alt=\"\" \/><\/a>\n\t\t\t<\/div><\/figure>\n\t\t<\/div>\n\t\t<\/div>\n\t\t\t\t\t\t<\/div>\n\t\t\t\t<\/div>\n\t\t\t\t<\/div>\n\t\t\t\t<section class=\"elementor-section elementor-top-section elementor-element elementor-element-35aac3ba animated-slow elementor-section-boxed elementor-section-height-default elementor-section-height-default\" data-id=\"35aac3ba\" data-element_type=\"section\" data-e-type=\"section\" data-settings=\"{&quot;background_background&quot;:&quot;classic&quot;,&quot;animation&quot;:&quot;none&quot;}\">\n\t\t\t\t\t\t<div class=\"elementor-container elementor-column-gap-no\">\n\t\t\t\t\t<div class=\"elementor-column elementor-col-100 elementor-top-column elementor-element elementor-element-277b2b46\" data-id=\"277b2b46\" data-element_type=\"column\" data-e-type=\"column\">\n\t\t\t<div class=\"elementor-widget-wrap elementor-element-populated\">\n\t\t\t\t\t\t<div class=\"elementor-element elementor-element-1678dac0 animated-slow elementor-invisible elementor-widget elementor-widget-text-editor\" data-id=\"1678dac0\" data-element_type=\"widget\" data-e-type=\"widget\" data-settings=\"{&quot;_animation&quot;:&quot;fadeIn&quot;}\" data-widget_type=\"text-editor.default\">\n\t\t\t\t<div class=\"elementor-widget-container\">\n\t\t\t\t\t\t\t\t\t<p data-sourcepos=\"3:1-3:48\"><strong>Ostetricia, Ginecologia, Diagnostica Prenatale e Cardiologia Infantile:<\/strong> al Centro Medico Boccaccio, la salute di donne e bambini \u00e8 in mani esperte e competenti. Un team di professionisti al tuo servizio. Vantiamo un&#8217;\u00e9quipe di medici specialisti di comprovata esperienza, costantemente aggiornati sulle ultime novit\u00e0 in ambito medico e scientifico. La loro dedizione e professionalit\u00e0 sono al servizio delle pazienti e dei piccoli pazienti, per garantire loro cure personalizzate e di eccellenza.<\/p><p data-sourcepos=\"9:1-9:60\"><strong>Ostetricia e Ginecologia\u00a0<\/strong><br \/>Supportiamo le donne in tutte le fasi della loro vita, dalla pubert\u00e0 alla menopausa, offrendo un&#8217;ampia gamma di servizi:<\/p><ul data-sourcepos=\"13:1-16:60\"><li data-sourcepos=\"13:1-13:33\">Visite ginecologiche e pap-test<\/li><li data-sourcepos=\"14:1-14:38\">Ecografie ginecologiche e ostetriche<\/li><li data-sourcepos=\"15:1-15:51\">Diagnosi e trattamento di patologie ginecologiche<\/li><li data-sourcepos=\"16:1-16:60\">Gravidanza: accompagnamento medico e psicologico durante i nove mesi<\/li><li data-sourcepos=\"18:1-19:0\">Climaterica e menopausa<\/li><li data-sourcepos=\"18:1-19:0\">Piano nutrizionale personalizzato<\/li><\/ul><p data-sourcepos=\"20:1-20:60\"><strong>Diagnostica Prenatale<\/strong>\u00a0<br \/>Offriamo percorsi di diagnostica prenatale completi e all&#8217;avanguardia, per monitorare la salute del feto e prevenire eventuali complicanze:<\/p><ul data-sourcepos=\"24:1-28:0\"><li data-sourcepos=\"24:1-24:45\">Ecografie ostetriche di I, II e III livello<\/li><li data-sourcepos=\"25:1-25:42\">Test prenatali non invasivi (DNA fetale)<\/li><li data-sourcepos=\"27:1-28:0\">Consulenza genetica<\/li><\/ul><p data-sourcepos=\"29:1-29:66\"><strong>Cardiologia Infantile<\/strong><br \/>Ci prendiamo cura della salute cardiovascolare dei bambini, dalla nascita all&#8217;adolescenza:<\/p><ul data-sourcepos=\"33:1-38:0\"><li data-sourcepos=\"33:1-33:34\">Visite cardiologiche pediatriche<\/li><li data-sourcepos=\"34:1-34:17\">Ecocardiogrammi<\/li><li data-sourcepos=\"35:1-35:21\">Elettrocardiogrammi<\/li><li data-sourcepos=\"37:1-38:0\">Diagnosi e trattamento di cardiopatie congenite e acquisite<\/li><\/ul>\t\t\t\t\t\t\t\t<\/div>\n\t\t\t\t<\/div>\n\t\t\t\t\t<\/div>\n\t\t<\/div>\n\t\t\t\t\t<\/div>\n\t\t<\/section>\n\t\t\t\t<section class=\"elementor-section elementor-top-section elementor-element elementor-element-7d93f806 elementor-section-boxed elementor-section-height-default elementor-section-height-default\" data-id=\"7d93f806\" data-element_type=\"section\" data-e-type=\"section\" data-settings=\"{&quot;background_background&quot;:&quot;classic&quot;}\">\n\t\t\t\t\t\t<div class=\"elementor-container elementor-column-gap-no\">\n\t\t\t\t\t<div class=\"elementor-column elementor-col-100 elementor-top-column elementor-element elementor-element-1cf2be3a\" data-id=\"1cf2be3a\" data-element_type=\"column\" data-e-type=\"column\">\n\t\t\t<div class=\"elementor-widget-wrap elementor-element-populated\">\n\t\t\t\t\t\t<div class=\"elementor-element elementor-element-61576ac9 animated-slow elementor-invisible elementor-widget elementor-widget-text-editor\" data-id=\"61576ac9\" data-element_type=\"widget\" data-e-type=\"widget\" data-settings=\"{&quot;_animation&quot;:&quot;fadeIn&quot;}\" data-widget_type=\"text-editor.default\">\n\t\t\t\t<div class=\"elementor-widget-container\">\n\t\t\t\t\t\t\t\t\t<p data-sourcepos=\"39:1-39:59\"><strong>Un approccio multidisciplinare per il massimo beneficio. <\/strong>La stretta collaborazione tra i nostri specialisti di diverse discipline ci permette di offrire un approccio multidisciplinare a ogni problematica, garantendo una presa in carico completa e personalizzata del paziente.<\/p>\n<p data-sourcepos=\"43:1-43:55\"><strong>Tecnologia all&#8217;avanguardia al servizio della salute. <\/strong>Il Centro Medico Boccaccio \u00e8 dotato di tecnologie diagnostiche e terapeutiche di ultima generazione, per offrire ai nostri pazienti prestazioni sempre pi\u00f9 precise e sicure.<\/p>\n<p data-sourcepos=\"49:1-49:89\"><strong>Puoi prenotare il tuo appuntamento tramite il form online oppure contattando la nostra segreteria: dal luned\u00ec al venerd\u00ec dalle 9:00 alle 19:00, orario continuato.<\/strong><\/p>\t\t\t\t\t\t\t\t<\/div>\n\t\t\t\t<\/div>\n\t\t\t\t\t<\/div>\n\t\t<\/div>\n\t\t\t\t\t<\/div>\n\t\t<\/section>\n\t\t\t\t<section class=\"elementor-section elementor-top-section elementor-element elementor-element-7fe106e0 elementor-section-full_width elementor-section-height-default elementor-section-height-default\" data-id=\"7fe106e0\" data-element_type=\"section\" data-e-type=\"section\" data-settings=\"{&quot;background_background&quot;:&quot;classic&quot;}\">\n\t\t\t\t\t\t\t<div class=\"elementor-background-overlay\"><\/div>\n\t\t\t\t\t\t\t<div class=\"elementor-container elementor-column-gap-default\">\n\t\t\t\t\t<div class=\"elementor-column elementor-col-100 elementor-top-column elementor-element elementor-element-7e10f750\" data-id=\"7e10f750\" data-element_type=\"column\" data-e-type=\"column\">\n\t\t\t<div class=\"elementor-widget-wrap elementor-element-populated\">\n\t\t\t\t\t\t<section class=\"elementor-section elementor-inner-section elementor-element elementor-element-5791d92b elementor-section-content-middle elementor-section-boxed elementor-section-height-default elementor-section-height-default\" data-id=\"5791d92b\" data-element_type=\"section\" data-e-type=\"section\">\n\t\t\t\t\t\t<div class=\"elementor-container elementor-column-gap-default\">\n\t\t\t\t\t<div class=\"elementor-column elementor-col-50 elementor-inner-column elementor-element elementor-element-386e9029\" data-id=\"386e9029\" data-element_type=\"column\" data-e-type=\"column\">\n\t\t\t<div class=\"elementor-widget-wrap elementor-element-populated\">\n\t\t\t\t\t\t<div class=\"elementor-element elementor-element-799b3af7 animated-slow elementor-invisible elementor-widget elementor-widget-heading\" data-id=\"799b3af7\" data-element_type=\"widget\" data-e-type=\"widget\" data-settings=\"{&quot;_animation&quot;:&quot;fadeInRight&quot;}\" data-widget_type=\"heading.default\">\n\t\t\t\t<div class=\"elementor-widget-container\">\n\t\t\t\t\t<h2 class=\"elementor-heading-title elementor-size-default\">Contattaci<\/h2>\t\t\t\t<\/div>\n\t\t\t\t<\/div>\n\t\t\t\t<div class=\"elementor-element elementor-element-406afd8 animated-slow elementor-invisible elementor-widget elementor-widget-heading\" data-id=\"406afd8\" data-element_type=\"widget\" data-e-type=\"widget\" data-settings=\"{&quot;_animation&quot;:&quot;fadeIn&quot;,&quot;_animation_delay&quot;:400}\" data-widget_type=\"heading.default\">\n\t\t\t\t<div class=\"elementor-widget-container\">\n\t\t\t\t\t<h2 class=\"elementor-heading-title elementor-size-default\">Richiedi il tuo appuntamento<\/h2>\t\t\t\t<\/div>\n\t\t\t\t<\/div>\n\t\t\t\t\t<\/div>\n\t\t<\/div>\n\t\t\t\t<div class=\"elementor-column elementor-col-50 elementor-inner-column elementor-element elementor-element-47e106ef\" data-id=\"47e106ef\" data-element_type=\"column\" data-e-type=\"column\">\n\t\t\t<div class=\"elementor-widget-wrap elementor-element-populated\">\n\t\t\t\t\t\t<div class=\"elementor-element elementor-element-11ec9cd6 animated-slow elementor-align-center elementor-invisible elementor-widget elementor-widget-button\" data-id=\"11ec9cd6\" data-element_type=\"widget\" data-e-type=\"widget\" data-settings=\"{&quot;_animation&quot;:&quot;fadeIn&quot;,&quot;_animation_delay&quot;:500}\" data-widget_type=\"button.default\">\n\t\t\t\t<div class=\"elementor-widget-container\">\n\t\t\t\t\t\t\t\t\t<div class=\"elementor-button-wrapper\">\n\t\t\t\t\t<a class=\"elementor-button elementor-button-link elementor-size-md\" href=\"https:\/\/www.centromedicoboccaccio.com\/index.php\/contatti\/#contatti\">\n\t\t\t\t\t\t<span class=\"elementor-button-content-wrapper\">\n\t\t\t\t\t\t\t\t\t<span class=\"elementor-button-text\">Prenota Ora<\/span>\n\t\t\t\t\t<\/span>\n\t\t\t\t\t<\/a>\n\t\t\t\t<\/div>\n\t\t\t\t\t\t\t\t<\/div>\n\t\t\t\t<\/div>\n\t\t\t\t\t<\/div>\n\t\t<\/div>\n\t\t\t\t\t<\/div>\n\t\t<\/section>\n\t\t\t\t\t<\/div>\n\t\t<\/div>\n\t\t\t\t\t<\/div>\n\t\t<\/section>\n\t\t\t\t<\/div>\n\t\t","protected":false},"excerpt":{"rendered":"<p>Chi Siamo Situato nel cuore pulsante di Milano, il Centro Medico Boccaccio \u00e8 un centro polispecialistico che offre un&#8217;ampia gamma [&hellip;]<\/p>\n","protected":false},"author":1,"featured_media":0,"parent":0,"menu_order":0,"comment_status":"closed","ping_status":"closed","template":"elementor_header_footer","meta":{"_uag_custom_page_level_css":"","site-sidebar-layout":"default","site-content-layout":"","ast-site-content-layout":"default","site-content-style":"default","site-sidebar-style":"default","ast-global-header-display":"","ast-banner-title-visibility":"","ast-main-header-display":"","ast-hfb-above-header-display":"","ast-hfb-below-header-display":"","ast-hfb-mobile-header-display":"","site-post-title":"","ast-breadcrumbs-content":"","ast-featured-img":"","footer-sml-layout":"","ast-disable-related-posts":"","theme-transparent-header-meta":"","adv-header-id-meta":"","stick-header-meta":"","header-above-stick-meta":"","header-main-stick-meta":"","header-below-stick-meta":"","astra-migrate-meta-layouts":"set","ast-page-background-enabled":"default","ast-page-background-meta":{"desktop":{"background-color":"var(--ast-global-color-4)","background-image":"","background-repeat":"repeat","background-position":"center center","background-size":"auto","background-attachment":"scroll","background-type":"","background-media":"","overlay-type":"","overlay-color":"","overlay-opacity":"","overlay-gradient":""},"tablet":{"background-color":"","background-image":"","background-repeat":"repeat","background-position":"center center","background-size":"auto","background-attachment":"scroll","background-type":"","background-media":"","overlay-type":"","overlay-color":"","overlay-opacity":"","overlay-gradient":""},"mobile":{"background-color":"","background-image":"","background-repeat":"repeat","background-position":"center center","background-size":"auto","background-attachment":"scroll","background-type":"","background-media":"","overlay-type":"","overlay-color":"","overlay-opacity":"","overlay-gradient":""}},"ast-content-background-meta":{"desktop":{"background-color":"var(--ast-global-color-5)","background-image":"","background-repeat":"repeat","background-position":"center center","background-size":"auto","background-attachment":"scroll","background-type":"","background-media":"","overlay-type":"","overlay-color":"","overlay-opacity":"","overlay-gradient":""},"tablet":{"background-color":"var(--ast-global-color-5)","background-image":"","background-repeat":"repeat","background-position":"center center","background-size":"auto","background-attachment":"scroll","background-type":"","background-media":"","overlay-type":"","overlay-color":"","overlay-opacity":"","overlay-gradient":""},"mobile":{"background-color":"var(--ast-global-color-5)","background-image":"","background-repeat":"repeat","background-position":"center center","background-size":"auto","background-attachment":"scroll","background-type":"","background-media":"","overlay-type":"","overlay-color":"","overlay-opacity":"","overlay-gradient":""}},"footnotes":""},"class_list":["post-1190","page","type-page","status-publish","hentry"],"uagb_featured_image_src":{"full":false,"thumbnail":false,"medium":false,"medium_large":false,"large":false,"1536x1536":false,"2048x2048":false},"uagb_author_info":{"display_name":"admin","author_link":"https:\/\/www.centromedicoboccaccio.com\/index.php\/author\/admin\/"},"uagb_comment_info":0,"uagb_excerpt":"Chi Siamo Situato nel cuore pulsante di Milano, il Centro Medico Boccaccio \u00e8 un centro polispecialistico che offre un&#8217;ampia gamma [&hellip;]","_links":{"self":[{"href":"https:\/\/www.centromedicoboccaccio.com\/index.php\/wp-json\/wp\/v2\/pages\/1190","targetHints":{"allow":["GET"]}}],"collection":[{"href":"https:\/\/www.centromedicoboccaccio.com\/index.php\/wp-json\/wp\/v2\/pages"}],"about":[{"href":"https:\/\/www.centromedicoboccaccio.com\/index.php\/wp-json\/wp\/v2\/types\/page"}],"author":[{"embeddable":true,"href":"https:\/\/www.centromedicoboccaccio.com\/index.php\/wp-json\/wp\/v2\/users\/1"}],"replies":[{"embeddable":true,"href":"https:\/\/www.centromedicoboccaccio.com\/index.php\/wp-json\/wp\/v2\/comments?post=1190"}],"version-history":[{"count":21,"href":"https:\/\/www.centromedicoboccaccio.com\/index.php\/wp-json\/wp\/v2\/pages\/1190\/revisions"}],"predecessor-version":[{"id":2584,"href":"https:\/\/www.centromedicoboccaccio.com\/index.php\/wp-json\/wp\/v2\/pages\/1190\/revisions\/2584"}],"wp:attachment":[{"href":"https:\/\/www.centromedicoboccaccio.com\/index.php\/wp-json\/wp\/v2\/media?parent=1190"}],"curies":[{"name":"wp","href":"https:\/\/api.w.org\/{rel}","templated":true}]}}