{"id":1373,"date":"2024-07-17T12:32:25","date_gmt":"2024-07-17T12:32:25","guid":{"rendered":"http:\/\/217.61.61.21\/index.php\/monnalisa-touch\/"},"modified":"2024-11-20T14:16:50","modified_gmt":"2024-11-20T13:16:50","slug":"monnalisa-touch","status":"publish","type":"page","link":"https:\/\/www.centromedicoboccaccio.com\/index.php\/monnalisa-touch\/","title":{"rendered":"MonnaLisa Touch\u2122"},"content":{"rendered":"\t\t<div data-elementor-type=\"wp-page\" data-elementor-id=\"1373\" class=\"elementor elementor-1373\">\n\t\t\t\t\t\t<section class=\"elementor-section elementor-top-section elementor-element elementor-element-15a0cca2 elementor-section-full_width elementor-reverse-tablet elementor-reverse-mobile elementor-section-height-default elementor-section-height-default\" data-id=\"15a0cca2\" data-element_type=\"section\" data-e-type=\"section\" data-settings=\"{&quot;background_background&quot;:&quot;classic&quot;}\">\n\t\t\t\t\t\t<div class=\"elementor-container elementor-column-gap-no\">\n\t\t\t\t\t<div class=\"elementor-column elementor-col-100 elementor-top-column elementor-element elementor-element-119ee02c\" data-id=\"119ee02c\" data-element_type=\"column\" data-e-type=\"column\">\n\t\t\t<div class=\"elementor-widget-wrap elementor-element-populated\">\n\t\t\t\t\t\t<section class=\"elementor-section elementor-inner-section elementor-element elementor-element-44a8d087 elementor-section-full_width elementor-section-content-middle elementor-section-height-default elementor-section-height-default\" data-id=\"44a8d087\" data-element_type=\"section\" data-e-type=\"section\">\n\t\t\t\t\t\t<div class=\"elementor-container elementor-column-gap-default\">\n\t\t\t\t\t<div class=\"elementor-column elementor-col-50 elementor-inner-column elementor-element elementor-element-72dde3ef\" data-id=\"72dde3ef\" data-element_type=\"column\" data-e-type=\"column\" data-settings=\"{&quot;background_background&quot;:&quot;classic&quot;}\">\n\t\t\t<div class=\"elementor-widget-wrap elementor-element-populated\">\n\t\t\t\t\t\t<div class=\"elementor-element elementor-element-4b2f982c elementor-widget elementor-widget-spacer\" data-id=\"4b2f982c\" data-element_type=\"widget\" data-e-type=\"widget\" data-widget_type=\"spacer.default\">\n\t\t\t\t<div class=\"elementor-widget-container\">\n\t\t\t\t\t\t\t<div class=\"elementor-spacer\">\n\t\t\t<div class=\"elementor-spacer-inner\"><\/div>\n\t\t<\/div>\n\t\t\t\t\t\t<\/div>\n\t\t\t\t<\/div>\n\t\t\t\t\t<\/div>\n\t\t<\/div>\n\t\t\t\t<div class=\"elementor-column elementor-col-50 elementor-inner-column elementor-element elementor-element-760a8977\" data-id=\"760a8977\" data-element_type=\"column\" data-e-type=\"column\">\n\t\t\t<div class=\"elementor-widget-wrap elementor-element-populated\">\n\t\t\t\t\t\t<div class=\"elementor-element elementor-element-7a871a1b animated-slow elementor-invisible elementor-widget elementor-widget-heading\" data-id=\"7a871a1b\" data-element_type=\"widget\" data-e-type=\"widget\" data-settings=\"{&quot;_animation&quot;:&quot;fadeIn&quot;}\" data-widget_type=\"heading.default\">\n\t\t\t\t<div class=\"elementor-widget-container\">\n\t\t\t\t\t<h2 class=\"elementor-heading-title elementor-size-default\">MonnaLisa Touch\u2122<\/h2>\t\t\t\t<\/div>\n\t\t\t\t<\/div>\n\t\t\t\t<div class=\"elementor-element elementor-element-4416fe67 elementor-widget elementor-widget-text-editor\" data-id=\"4416fe67\" data-element_type=\"widget\" data-e-type=\"widget\" data-widget_type=\"text-editor.default\">\n\t\t\t\t<div class=\"elementor-widget-container\">\n\t\t\t\t\t\t\t\t\t<p>Riconciliati con la tua femminilit\u00e0.<\/p>\t\t\t\t\t\t\t\t<\/div>\n\t\t\t\t<\/div>\n\t\t\t\t\t<\/div>\n\t\t<\/div>\n\t\t\t\t\t<\/div>\n\t\t<\/section>\n\t\t\t\t\t<\/div>\n\t\t<\/div>\n\t\t\t\t\t<\/div>\n\t\t<\/section>\n\t\t\t\t<section class=\"elementor-section elementor-top-section elementor-element elementor-element-73f8065f elementor-section-boxed elementor-section-height-default elementor-section-height-default\" data-id=\"73f8065f\" data-element_type=\"section\" data-e-type=\"section\" data-settings=\"{&quot;background_background&quot;:&quot;classic&quot;}\">\n\t\t\t\t\t\t<div class=\"elementor-container elementor-column-gap-default\">\n\t\t\t\t\t<div class=\"elementor-column elementor-col-100 elementor-top-column elementor-element elementor-element-51fc754d\" data-id=\"51fc754d\" data-element_type=\"column\" data-e-type=\"column\">\n\t\t\t<div class=\"elementor-widget-wrap elementor-element-populated\">\n\t\t\t\t\t\t<div class=\"elementor-element elementor-element-560b16d1 elementor-widget elementor-widget-text-editor\" data-id=\"560b16d1\" data-element_type=\"widget\" data-e-type=\"widget\" data-widget_type=\"text-editor.default\">\n\t\t\t\t<div class=\"elementor-widget-container\">\n\t\t\t\t\t\t\t\t\t<p class=\"first-token\" data-sourcepos=\"1:1-1:19\"><strong>Anche i tessuti e gli organi delle parti intime femminili subiscono gli effetti del tempo che passa. <\/strong>Con l&#8217;et\u00e0, infatti, \u00e8 normale che si verifichi una <strong>diminuzione dell&#8217;idratazione<\/strong> e una <strong>perdita di tono<\/strong> in queste zone.<\/p><p>Questo processo, fisiologico e graduale, pu\u00f2 causare una serie di <strong>sintomi fastidiosi<\/strong>, come:<\/p><ul><li class=\"first-token\" data-sourcepos=\"1:1-1:19\"><strong>Prurito<\/strong><\/li><li data-sourcepos=\"6:1-6:24\"><strong>Senso di secchezza<\/strong><\/li><li data-sourcepos=\"7:1-7:16\"><strong>Pesantezza<\/strong><\/li><li data-sourcepos=\"8:1-9:0\"><strong>Dolore durante i rapporti sessuali<\/strong><\/li><\/ul><p data-sourcepos=\"10:1-10:76\">Questi disturbi, oltre a compromettere il benessere fisico, possono avere un <strong>impatto negativo anche sulla sfera psicologica e sulla relazione di coppia<\/strong>.<\/p><p data-sourcepos=\"12:1-12:48\">Le cause di questi cambiamenti sono diverse:<\/p><ul data-sourcepos=\"14:1-15:136\"><li data-sourcepos=\"14:1-14:191\"><strong>Variazioni ormonali:<\/strong> la menopausa, in particolare, porta a una riduzione significativa degli estrogeni, ormoni che svolgono un ruolo fondamentale nel mantenimento della salute vaginale.<\/li><li data-sourcepos=\"15:1-15:136\"><strong>Fattori fisici:<\/strong> parti naturali, traumi, interventi chirurgici e alcune malattie possono influenzare la struttura e la funzionalit\u00e0 delle parti intime femminili.<\/li><li data-sourcepos=\"16:1-17:0\"><strong>Stile di vita:<\/strong> fumo, stress, alimentazione scorretta e uso di detergenti aggressivi possono accelerare il processo di invecchiamento dei tessuti.<\/li><\/ul>\t\t\t\t\t\t\t\t<\/div>\n\t\t\t\t<\/div>\n\t\t\t\t\t<\/div>\n\t\t<\/div>\n\t\t\t\t\t<\/div>\n\t\t<\/section>\n\t\t\t\t<section class=\"elementor-section elementor-top-section elementor-element elementor-element-d060d85 elementor-section-boxed elementor-section-height-default elementor-section-height-default\" data-id=\"d060d85\" data-element_type=\"section\" data-e-type=\"section\" data-settings=\"{&quot;background_background&quot;:&quot;classic&quot;}\">\n\t\t\t\t\t\t<div class=\"elementor-container elementor-column-gap-no\">\n\t\t\t\t\t<div class=\"elementor-column elementor-col-50 elementor-top-column elementor-element elementor-element-2e66cde0\" data-id=\"2e66cde0\" data-element_type=\"column\" data-e-type=\"column\">\n\t\t\t<div class=\"elementor-widget-wrap elementor-element-populated\">\n\t\t\t\t\t\t<div class=\"elementor-element elementor-element-271384bf animated-slow elementor-invisible elementor-widget elementor-widget-text-editor\" data-id=\"271384bf\" data-element_type=\"widget\" data-e-type=\"widget\" data-settings=\"{&quot;_animation&quot;:&quot;fadeIn&quot;}\" data-widget_type=\"text-editor.default\">\n\t\t\t\t<div class=\"elementor-widget-container\">\n\t\t\t\t\t\t\t\t\t<p>Il trattamento\u00a0<strong><em>MonnaLisa Touch\u2122<\/em><\/strong>\u00a0contrasta in modo naturale e mini-invasivo gli effetti del naturale invecchiamento dei tessuti, affrontato in passato solo in caso di malattie importanti.<\/p><p><br \/>Evitando gli effetti delle terapie farmacologiche e della chirurgia tradizionale, questo trattamento innovativo corregge la riduzione di volume della mucosa, la rimodella e ne ripristina idratazione ed elasticit\u00e0 in modo indolore e sicuro.<\/p>\t\t\t\t\t\t\t\t<\/div>\n\t\t\t\t<\/div>\n\t\t\t\t\t<\/div>\n\t\t<\/div>\n\t\t\t\t<div class=\"elementor-column elementor-col-50 elementor-top-column elementor-element elementor-element-7efdeced\" data-id=\"7efdeced\" data-element_type=\"column\" data-e-type=\"column\">\n\t\t\t<div class=\"elementor-widget-wrap elementor-element-populated\">\n\t\t\t\t\t\t<div class=\"elementor-element elementor-element-3f4e22a7 animated-slow elementor-invisible elementor-widget elementor-widget-text-editor\" data-id=\"3f4e22a7\" data-element_type=\"widget\" data-e-type=\"widget\" data-settings=\"{&quot;_animation&quot;:&quot;fadeIn&quot;,&quot;_animation_delay&quot;:300}\" data-widget_type=\"text-editor.default\">\n\t\t\t\t<div class=\"elementor-widget-container\">\n\t\t\t\t\t\t\t\t\t<p><strong><em>MonnaLisa Touch\u2122<\/em><\/strong>\u00a0si avvale di un&#8217;apparecchiatura laser di ultima generazione controllata da un sistema computerizzato la cui azione ha un effetto rigenerante sulle fibre indebolite dal tempo e induce la produzione di nuovo collagene.<br \/><br \/><strong><em>MonnaLisa Touch\u2122<\/em><\/strong>\u00a0\u00e8 un trattamento loco-regionale che consiste in una stimolazione termica per favorire la produzione di sostanze proprie della parete vaginale e del pavimento pelvico e non presenta alcun effetto collaterale.<\/p>\t\t\t\t\t\t\t\t<\/div>\n\t\t\t\t<\/div>\n\t\t\t\t\t<\/div>\n\t\t<\/div>\n\t\t\t\t\t<\/div>\n\t\t<\/section>\n\t\t\t\t<section class=\"elementor-section elementor-top-section elementor-element elementor-element-413fe104 animated-slow elementor-section-content-top elementor-section-boxed elementor-section-height-default elementor-section-height-default\" data-id=\"413fe104\" data-element_type=\"section\" data-e-type=\"section\" data-settings=\"{&quot;background_background&quot;:&quot;classic&quot;,&quot;animation&quot;:&quot;none&quot;}\">\n\t\t\t\t\t\t<div class=\"elementor-container elementor-column-gap-no\">\n\t\t\t\t\t<div class=\"elementor-column elementor-col-50 elementor-top-column elementor-element elementor-element-6f0da516\" data-id=\"6f0da516\" data-element_type=\"column\" data-e-type=\"column\">\n\t\t\t<div class=\"elementor-widget-wrap elementor-element-populated\">\n\t\t\t\t\t\t<div class=\"elementor-element elementor-element-3251b141 elementor-widget elementor-widget-image\" data-id=\"3251b141\" data-element_type=\"widget\" data-e-type=\"widget\" data-widget_type=\"image.default\">\n\t\t\t\t<div class=\"elementor-widget-container\">\n\t\t\t\t\t\t\t\t\t\t\t\t\t\t\t<img fetchpriority=\"high\" decoding=\"async\" width=\"843\" height=\"404\" src=\"https:\/\/www.centromedicoboccaccio.com\/wp-content\/uploads\/2024\/11\/Logo-AOGOI-MLT-2.2.jpg\" class=\"attachment-large size-large wp-image-2276\" alt=\"\" \/>\t\t\t\t\t\t\t\t\t\t\t\t\t\t\t<\/div>\n\t\t\t\t<\/div>\n\t\t\t\t\t<\/div>\n\t\t<\/div>\n\t\t\t\t<div class=\"elementor-column elementor-col-50 elementor-top-column elementor-element elementor-element-7b46e0ee\" data-id=\"7b46e0ee\" data-element_type=\"column\" data-e-type=\"column\">\n\t\t\t<div class=\"elementor-widget-wrap elementor-element-populated\">\n\t\t\t\t\t\t<div class=\"elementor-element elementor-element-f2ce174 animated-slow elementor-invisible elementor-widget elementor-widget-text-editor\" data-id=\"f2ce174\" data-element_type=\"widget\" data-e-type=\"widget\" data-settings=\"{&quot;_animation&quot;:&quot;fadeIn&quot;}\" data-widget_type=\"text-editor.default\">\n\t\t\t\t<div class=\"elementor-widget-container\">\n\t\t\t\t\t\t\t\t\t<p>La procedura \u00e8 stata approvata dall&#8217;<strong>AOGOI<\/strong>, Associazione Ostetrici Ginecologi Ospedalieri Italiani\u00a0in virt\u00f9 della sua efficacia e validit\u00e0 nel favorire il raggiungimento di un maggiore benessere della donna, in particolar modo nella fase della menopausa ed \u00e8 realizzata con tecnologia tutta italiana.<\/p>\t\t\t\t\t\t\t\t<\/div>\n\t\t\t\t<\/div>\n\t\t\t\t\t<\/div>\n\t\t<\/div>\n\t\t\t\t\t<\/div>\n\t\t<\/section>\n\t\t\t\t<\/div>\n\t\t","protected":false},"excerpt":{"rendered":"<p>MonnaLisa Touch\u2122 Riconciliati con la tua femminilit\u00e0. Anche i tessuti e gli organi delle parti intime femminili subiscono gli effetti [&hellip;]<\/p>\n","protected":false},"author":1,"featured_media":0,"parent":0,"menu_order":0,"comment_status":"closed","ping_status":"closed","template":"elementor_header_footer","meta":{"_uag_custom_page_level_css":"","site-sidebar-layout":"default","site-content-layout":"","ast-site-content-layout":"default","site-content-style":"default","site-sidebar-style":"default","ast-global-header-display":"","ast-banner-title-visibility":"","ast-main-header-display":"","ast-hfb-above-header-display":"","ast-hfb-below-header-display":"","ast-hfb-mobile-header-display":"","site-post-title":"","ast-breadcrumbs-content":"","ast-featured-img":"","footer-sml-layout":"","ast-disable-related-posts":"","theme-transparent-header-meta":"","adv-header-id-meta":"","stick-header-meta":"","header-above-stick-meta":"","header-main-stick-meta":"","header-below-stick-meta":"","astra-migrate-meta-layouts":"set","ast-page-background-enabled":"default","ast-page-background-meta":{"desktop":{"background-color":"var(--ast-global-color-4)","background-image":"","background-repeat":"repeat","background-position":"center center","background-size":"auto","background-attachment":"scroll","background-type":"","background-media":"","overlay-type":"","overlay-color":"","overlay-opacity":"","overlay-gradient":""},"tablet":{"background-color":"","background-image":"","background-repeat":"repeat","background-position":"center center","background-size":"auto","background-attachment":"scroll","background-type":"","background-media":"","overlay-type":"","overlay-color":"","overlay-opacity":"","overlay-gradient":""},"mobile":{"background-color":"","background-image":"","background-repeat":"repeat","background-position":"center center","background-size":"auto","background-attachment":"scroll","background-type":"","background-media":"","overlay-type":"","overlay-color":"","overlay-opacity":"","overlay-gradient":""}},"ast-content-background-meta":{"desktop":{"background-color":"var(--ast-global-color-5)","background-image":"","background-repeat":"repeat","background-position":"center center","background-size":"auto","background-attachment":"scroll","background-type":"","background-media":"","overlay-type":"","overlay-color":"","overlay-opacity":"","overlay-gradient":""},"tablet":{"background-color":"var(--ast-global-color-5)","background-image":"","background-repeat":"repeat","background-position":"center center","background-size":"auto","background-attachment":"scroll","background-type":"","background-media":"","overlay-type":"","overlay-color":"","overlay-opacity":"","overlay-gradient":""},"mobile":{"background-color":"var(--ast-global-color-5)","background-image":"","background-repeat":"repeat","background-position":"center center","background-size":"auto","background-attachment":"scroll","background-type":"","background-media":"","overlay-type":"","overlay-color":"","overlay-opacity":"","overlay-gradient":""}},"footnotes":""},"class_list":["post-1373","page","type-page","status-publish","hentry"],"uagb_featured_image_src":{"full":false,"thumbnail":false,"medium":false,"medium_large":false,"large":false,"1536x1536":false,"2048x2048":false},"uagb_author_info":{"display_name":"admin","author_link":"https:\/\/www.centromedicoboccaccio.com\/index.php\/author\/admin\/"},"uagb_comment_info":0,"uagb_excerpt":"MonnaLisa Touch\u2122 Riconciliati con la tua femminilit\u00e0. Anche i tessuti e gli organi delle parti intime femminili subiscono gli effetti [&hellip;]","_links":{"self":[{"href":"https:\/\/www.centromedicoboccaccio.com\/index.php\/wp-json\/wp\/v2\/pages\/1373","targetHints":{"allow":["GET"]}}],"collection":[{"href":"https:\/\/www.centromedicoboccaccio.com\/index.php\/wp-json\/wp\/v2\/pages"}],"about":[{"href":"https:\/\/www.centromedicoboccaccio.com\/index.php\/wp-json\/wp\/v2\/types\/page"}],"author":[{"embeddable":true,"href":"https:\/\/www.centromedicoboccaccio.com\/index.php\/wp-json\/wp\/v2\/users\/1"}],"replies":[{"embeddable":true,"href":"https:\/\/www.centromedicoboccaccio.com\/index.php\/wp-json\/wp\/v2\/comments?post=1373"}],"version-history":[{"count":6,"href":"https:\/\/www.centromedicoboccaccio.com\/index.php\/wp-json\/wp\/v2\/pages\/1373\/revisions"}],"predecessor-version":[{"id":2494,"href":"https:\/\/www.centromedicoboccaccio.com\/index.php\/wp-json\/wp\/v2\/pages\/1373\/revisions\/2494"}],"wp:attachment":[{"href":"https:\/\/www.centromedicoboccaccio.com\/index.php\/wp-json\/wp\/v2\/media?parent=1373"}],"curies":[{"name":"wp","href":"https:\/\/api.w.org\/{rel}","templated":true}]}}